{"id":1052,"date":"2025-10-08T14:59:04","date_gmt":"2025-10-08T14:59:04","guid":{"rendered":"https:\/\/pcbetgroup.com\/?page_id=1052"},"modified":"2025-10-31T15:00:04","modified_gmt":"2025-10-31T15:00:04","slug":"laboratorio","status":"publish","type":"page","link":"https:\/\/pcbetgroup.com\/en\/laboratorio\/","title":{"rendered":"Laboratory"},"content":{"rendered":"<div class=\"wpb-content-wrapper\"><div class=\"vc_row wpb_row vc_row-fluid\"><div class=\"wpb_column vc_column_container vc_col-sm-12\"><div class=\"vc_column-inner\"><div class=\"wpb_wrapper\">\n\t\t\t\t<p class=\"rs-p-wp-fix\"><\/p>\n\t\t\t\t<sr7-module data-alias=\"slider-2\" data-id=\"1\" id=\"SR7_1_1\" class=\"rs-ov-hidden\" data-version=\"6.7.31\">\n\t\t\t\t\t<sr7-adjuster><\/sr7-adjuster>\n\t\t\t\t\t<sr7-content>\n\t\t\t\t\t\t<sr7-slide id=\"SR7_1_1-1\" data-key=\"1\">\n\t\t\t\t\t\t\t<sr7-bg id=\"SR7_1_1-1-7\" class=\"sr7-layer\"><noscript><img decoding=\"async\" src=\"https:\/\/pcbetgroup.com\/wp-content\/uploads\/2025\/10\/O-grupo-PCBET-e-constituido-por-duas-empresas-ligadas-entre-si-com-o-foco-na-consultoria-especializada-e-laboratorio-para-ajudar-os-construtores-a-obterem-o-maior-rendimento-e-fiabilidade-de-beto-5.png\" alt=\"\" title=\"O grupo PCBET, \u00e9 constitu\u00eddo por duas empresas ligadas entre si com o foco na consultoria especializada e laborat\u00f3rio para ajudar os construtores a obterem o maior rendimento e fiabilidade de bet\u00f5 (5)\"><\/noscript><\/sr7-bg>\n\t\t\t\t\t\t\t<sr7-txt id=\"SR7_1_1-1-6\" class=\"sr7-layer\">LABORATORY<\/sr7-txt>\n\t\t\t\t\t\t<\/sr7-slide>\n\t\t\t\t\t\t<sr7-slide id=\"SR7_1_1-4\" data-key=\"4\">\n\t\t\t\t\t\t<\/sr7-slide>\n\t\t\t\t\t<\/sr7-content>\n\t\t\t\t\t<image_lists style=\"display:none\">\n\t\t\t\t\t\t<img data-src=\"\/\/pcbetgroup.com\/wp-content\/uploads\/2025\/10\/O-grupo-PCBET-e-constituido-por-duas-empresas-ligadas-entre-si-com-o-foco-na-consultoria-especializada-e-laboratorio-para-ajudar-os-construtores-a-obterem-o-maior-rendimento-e-fiabilidade-de-beto-5.png\" data-libid=\"1142\" data-lib=\"medialibrary\" title=\"O grupo PCBET, \u00e9 constitu\u00eddo por duas empresas ligadas entre si com o foco na consultoria especializada e laborat\u00f3rio para ajudar os construtores a obterem o maior rendimento e fiabilidade de bet\u00f5 (5)\" width=\"0\" height=\"0\" data-dbsrc=\"Ly9wY2JldGdyb3VwLmNvbS93cC1jb250ZW50L3VwbG9hZHMvMjAyNS8xMC9PLWdydXBvLVBDQkVULWUtY29uc3RpdHVpZG8tcG9yLWR1YXMtZW1wcmVzYXMtbGlnYWRhcy1lbnRyZS1zaS1jb20tby1mb2NvLW5hLWNvbnN1bHRvcmlhLWVzcGVjaWFsaXphZGEtZS1sYWJvcmF0b3Jpby1wYXJhLWFqdWRhci1vcy1jb25zdHJ1dG9yZXMtYS1vYnRlcmVtLW8tbWFpb3ItcmVuZGltZW50by1lLWZpYWJpbGlkYWRlLWRlLWJldG8tNS5wbmc=\"\/>\n\t\t\t\t\t<\/image_lists>\n\t\t\t\t<\/sr7-module>\n\t\t\t\t<script>\n\t\t\t\t\tSR7.PMH ??={}; SR7.PMH[\"SR7_1_1\"] = {cn:100,state:false,fn: function() { if (_tpt!==undefined && _tpt.prepareModuleHeight !== undefined) {  _tpt.prepareModuleHeight({id:\"SR7_1_1\",el:[550,550,550,400,500],type:'standard',shdw:'0',gh:[550,550,550,400,500],gw:[1140,1140,1140,778,480],vpt:['-100px&#039;,&#039;-100px&#039;,&#039;-100px&#039;,&#039;-100px&#039;,&#039;-100px'],size:{fullWidth:true, fullHeight:false},mh:'0',onh:0,onw:0,bg:{color:'{\"orig\":\"transparent\",\"type\":\"solid\",\"string\":\"transparent\"}'},plType:'0',plColor:'#FFFFFF'});   SR7.PMH[\"SR7_1_1\"].state=true;} else if(SR7.PMH[\"SR7_1_1\"].cn-->0)\tsetTimeout( SR7.PMH[\"SR7_1_1\"].fn,19);}};SR7.PMH[\"SR7_1_1\" ].fn();\n\t\t\t\t<\/script>\n<\/div><\/div><\/div><\/div><div class=\"vc_row wpb_row vc_row-fluid vc_custom_1760014027502\"><div class=\"wpb_column vc_column_container vc_col-sm-12\"><div class=\"vc_column-inner\"><div class=\"wpb_wrapper\">\n\t<div  class=\"wpb_single_image wpb_content_element vc_align_center wpb_content_element vc_custom_1759938418230\">\n\t\t\n\t\t<figure class=\"wpb_wrapper vc_figure\">\n\t\t\t<div class=\"vc_single_image-wrapper   vc_box_border_grey\"><img decoding=\"async\" class=\"vc_single_image-img\" src=\"https:\/\/pcbetgroup.com\/wp-content\/uploads\/2025\/09\/Untitled-design-9-250x120.png\" width=\"250\" height=\"120\" alt=\"Untitled design (9)\" title=\"Untitled design (9)\" loading=\"lazy\" \/><\/div>\n\t\t<\/figure>\n\t<\/div>\n<\/div><\/div><\/div><\/div><div class=\"vc_row wpb_row vc_row-fluid\"><div class=\"wpb_column vc_column_container vc_col-sm-12\"><div class=\"vc_column-inner\"><div class=\"wpb_wrapper\">\n\t<div class=\"wpb_text_column wpb_content_element vc_custom_1761921298061\" >\n\t\t<div class=\"wpb_wrapper\">\n\t\t\t<h4 style=\"text-align: center; font-size: 16pt;\">PCBET.LAB is a technical laboratory based in Angola, specialising in testing concrete, soils and bituminous mixtures.<\/h4>\n<p>&nbsp;<\/p>\n<p style=\"text-align: center; line-height: 20.4pt; margin: 0cm 0cm 7.5pt 0cm;\" align=\"center\"><span lang=\"PT\" style=\"font-size: 13.0pt; font-family: 'Arial',sans-serif; color: #727272;\">We operate with scientific rigour and a commitment to quality, supporting construction companies and public entities in the validation of materials and processes.<\/span><\/p>\n<p style=\"text-align: center; line-height: 20.4pt; margin: 0cm 0cm 7.5pt 0cm;\" align=\"center\"><span lang=\"PT\" style=\"font-size: 13.0pt; font-family: 'Arial',sans-serif; color: #727272;\">Our partnership with the Portuguese company PCBET Group allows us to apply European methodologies adapted to Angolan standards.<\/span><\/p>\n<p style=\"text-align: center; font-size: 13pt;\">We are committed to technical rigour, transparency, sustainability and continuous training.<\/p>\n\n\t\t<\/div>\n\t<\/div>\n<\/div><\/div><\/div><\/div><div class=\"vc_row wpb_row vc_row-fluid vc_custom_1760014781034\"><div class=\"wpb_column vc_column_container vc_col-sm-12\"><div class=\"vc_column-inner\"><div class=\"wpb_wrapper\"><div class=\"vc_row wpb_row vc_inner vc_row-fluid\"><div class=\"wpb_column vc_column_container vc_col-sm-6\"><div class=\"vc_column-inner\"><div class=\"wpb_wrapper\">\n\t<div  class=\"wpb_single_image wpb_content_element vc_align_left wpb_content_element\">\n\t\t\n\t\t<figure class=\"wpb_wrapper vc_figure\">\n\t\t\t<div class=\"vc_single_image-wrapper vc_box_rounded  vc_box_border_grey\"><img decoding=\"async\" class=\"vc_single_image-img\" src=\"https:\/\/pcbetgroup.com\/wp-content\/uploads\/2025\/10\/industrial-female-worker-with-protective-mask-blue-latex-gloves-testing-clay-cylinder-geological-laboratory-scaled-600x320.jpg\" width=\"600\" height=\"320\" alt=\"Industrial female worker with protective mask and blue latex gloves, testing a clay cylinder in geological laboratory\" title=\"Industrial female worker with protective mask and blue latex gloves, testing a clay cylinder in geological laboratory\" loading=\"lazy\" \/><\/div>\n\t\t<\/figure>\n\t<\/div>\n<\/div><\/div><\/div><div class=\"wpb_column vc_column_container vc_col-sm-6\"><div class=\"vc_column-inner\"><div class=\"wpb_wrapper\"><div class=\"vc_btn3-container vc_btn3-inline vc_do_btn\" ><button class=\"vc_general vc_btn3 vc_btn3-size-lg vc_btn3-shape-rounded vc_btn3-style-3d vc_btn3-icon-left vc_btn3-color-primary\"><i class=\"vc_btn3-icon fa fa-solid fa-arrow-right-long\"><\/i> We monitor public and private construction projects, providing certified technical reports and direct on-site support.<\/button><\/div><div class=\"vc_btn3-container vc_btn3-inline vc_do_btn\" ><button class=\"vc_general vc_btn3 vc_btn3-size-lg vc_btn3-shape-rounded vc_btn3-style-3d vc_btn3-icon-left vc_btn3-color-primary\"><i class=\"vc_btn3-icon fa fa-solid fa-arrow-right-long\"><\/i> Trips to construction sites and sample collection with a specialised team<\/button><\/div><div class=\"vc_btn3-container vc_btn3-inline vc_do_btn\" ><button class=\"vc_general vc_btn3 vc_btn3-size-lg vc_btn3-shape-rounded vc_btn3-style-3d vc_btn3-icon-left vc_btn3-color-primary\"><i class=\"vc_btn3-icon fa fa-solid fa-arrow-right-long\"><\/i> We work with construction companies, engineers and government agencies that value the quality and durability of infrastructure.<\/button><\/div><\/div><\/div><\/div><\/div><\/div><\/div><\/div><\/div><div class=\"vc_row wpb_row vc_row-fluid vc_custom_1760012991818\"><div class=\"wpb_column vc_column_container vc_col-sm-12\"><div class=\"vc_column-inner\"><div class=\"wpb_wrapper\"><h1 class='heading-middle  style-1' ><span>SERVICES<\/span><\/h1><\/div><\/div><\/div><\/div><div class=\"vc_row wpb_row vc_row-fluid vc_custom_1760012974558\"><div class=\"wpb_column vc_column_container vc_col-sm-4\"><div class=\"vc_column-inner\"><div class=\"wpb_wrapper\"><div class=\"icon-m icon-m--style-1\"><div class=\"icon-m__header\"><div class=\"icon-m__media icon-m__media--image\" style=\"background-color:#1E73BE;\"><img loading=\"lazy\" decoding=\"async\" width=\"1000\" height=\"1000\" src=\"https:\/\/pcbetgroup.com\/wp-content\/uploads\/2025\/09\/4-3.png\" class=\"attachment-full size-full\" alt=\"\" srcset=\"https:\/\/pcbetgroup.com\/wp-content\/uploads\/2025\/09\/4-3.png 1000w, https:\/\/pcbetgroup.com\/wp-content\/uploads\/2025\/09\/4-3-300x300.png 300w, https:\/\/pcbetgroup.com\/wp-content\/uploads\/2025\/09\/4-3-150x150.png 150w, https:\/\/pcbetgroup.com\/wp-content\/uploads\/2025\/09\/4-3-768x768.png 768w, https:\/\/pcbetgroup.com\/wp-content\/uploads\/2025\/09\/4-3-360x360.png 360w, https:\/\/pcbetgroup.com\/wp-content\/uploads\/2025\/09\/4-3-600x600.png 600w, https:\/\/pcbetgroup.com\/wp-content\/uploads\/2025\/09\/4-3-100x100.png 100w\" sizes=\"auto, (max-width: 1000px) 100vw, 1000px\" \/><\/div><div class=\"icon-m__title\">Laboratory Trials<\/div><\/div><div class=\"icon-m__text\">Concrete, aggregates, soils and bituminous materials<\/div><\/div><\/div><\/div><\/div><div class=\"wpb_column vc_column_container vc_col-sm-4\"><div class=\"vc_column-inner\"><div class=\"wpb_wrapper\"><div class=\"icon-m icon-m--style-1\"><div class=\"icon-m__header\"><div class=\"icon-m__media icon-m__media--image\" style=\"background-color:#1E73BE;\"><img loading=\"lazy\" decoding=\"async\" width=\"1000\" height=\"1000\" src=\"https:\/\/pcbetgroup.com\/wp-content\/uploads\/2025\/09\/3-3.png\" class=\"attachment-full size-full\" alt=\"\" srcset=\"https:\/\/pcbetgroup.com\/wp-content\/uploads\/2025\/09\/3-3.png 1000w, https:\/\/pcbetgroup.com\/wp-content\/uploads\/2025\/09\/3-3-300x300.png 300w, https:\/\/pcbetgroup.com\/wp-content\/uploads\/2025\/09\/3-3-150x150.png 150w, https:\/\/pcbetgroup.com\/wp-content\/uploads\/2025\/09\/3-3-768x768.png 768w, https:\/\/pcbetgroup.com\/wp-content\/uploads\/2025\/09\/3-3-360x360.png 360w, https:\/\/pcbetgroup.com\/wp-content\/uploads\/2025\/09\/3-3-600x600.png 600w, https:\/\/pcbetgroup.com\/wp-content\/uploads\/2025\/09\/3-3-100x100.png 100w\" sizes=\"auto, (max-width: 1000px) 100vw, 1000px\" \/><\/div><div class=\"icon-m__title\">Quality control<\/div><\/div><div class=\"icon-m__text\">Travel to construction sites and supervision; sample collection and analysis of pathologies.<\/div><\/div><\/div><\/div><\/div><div class=\"wpb_column vc_column_container vc_col-sm-4\"><div class=\"vc_column-inner\"><div class=\"wpb_wrapper\"><div class=\"icon-m icon-m--style-1\"><div class=\"icon-m__header\"><div class=\"icon-m__media icon-m__media--image\" style=\"background-color:#1E73BE;\"><img loading=\"lazy\" decoding=\"async\" width=\"1000\" height=\"1000\" src=\"https:\/\/pcbetgroup.com\/wp-content\/uploads\/2025\/09\/6-3.png\" class=\"attachment-full size-full\" alt=\"\" srcset=\"https:\/\/pcbetgroup.com\/wp-content\/uploads\/2025\/09\/6-3.png 1000w, https:\/\/pcbetgroup.com\/wp-content\/uploads\/2025\/09\/6-3-300x300.png 300w, https:\/\/pcbetgroup.com\/wp-content\/uploads\/2025\/09\/6-3-150x150.png 150w, https:\/\/pcbetgroup.com\/wp-content\/uploads\/2025\/09\/6-3-768x768.png 768w, https:\/\/pcbetgroup.com\/wp-content\/uploads\/2025\/09\/6-3-360x360.png 360w, https:\/\/pcbetgroup.com\/wp-content\/uploads\/2025\/09\/6-3-600x600.png 600w, https:\/\/pcbetgroup.com\/wp-content\/uploads\/2025\/09\/6-3-100x100.png 100w\" sizes=\"auto, (max-width: 1000px) 100vw, 1000px\" \/><\/div><div class=\"icon-m__title\">Mobile Laboratory<\/div><\/div><div class=\"icon-m__text\">To monitor and obtain results from more distant sites without having to transport samples to the Central Laboratory.<\/div><\/div><\/div><\/div><\/div><\/div><div class=\"vc_row wpb_row vc_row-fluid vc_custom_1760013707087\"><div class=\"wpb_column vc_column_container vc_col-sm-12\"><div class=\"vc_column-inner\"><div class=\"wpb_wrapper\"><h1 class='heading-middle  style-1' ><span>Trials<\/span><\/h1><div class=\"vc_tta-container\" data-vc-action=\"collapseAll\"><div class=\"vc_general vc_tta vc_tta-accordion vc_tta-color-blue vc_tta-style-outline vc_tta-shape-rounded vc_tta-o-shape-group vc_tta-controls-align-default vc_tta-o-all-clickable vc_custom_1760018141048\"><div class=\"vc_tta-panels-container\"><div class=\"vc_tta-panels\"><div class=\"vc_tta-panel vc_active\" id=\"1759940024536-7debe1c4-c6e3\" data-vc-content=\".vc_tta-panel-body\"><div class=\"vc_tta-panel-heading\"><h2 class=\"vc_tta-panel-title vc_tta-controls-icon-position-left\"><a href=\"#1759940024536-7debe1c4-c6e3\" data-vc-accordion data-vc-container=\".vc_tta-container\"><span class=\"vc_tta-title-text\">Concrete Trials<\/span><i class=\"vc_tta-controls-icon vc_tta-controls-icon-triangle\"><\/i><\/a><\/h2><\/div><div class=\"vc_tta-panel-body\">\n\t<div class=\"wpb_text_column wpb_content_element\">\n\t\t<div class=\"wpb_wrapper\">\n\t\t\t<ul>\n<li>TRIAL MIXES<\/li>\n<li>COMPRESSION<\/li>\n<li>FLEXION<\/li>\n<li>VOLUMIC MASS<\/li>\n<li>PERMEABILITY<\/li>\n<li>REACTIVITY TRIAL<\/li>\n<li>INERT VOLUMIC MASSES<\/li>\n<li>INERT WATER ABSORPTION<\/li>\n<li>INERT WEAR TRIAL<\/li>\n<li>INERT REACTIVITY TRIAL<\/li>\n<li>CONCRETE TENSILE TEST<\/li>\n<\/ul>\n\n\t\t<\/div>\n\t<\/div>\n<\/div><\/div><div class=\"vc_tta-panel\" id=\"1759940024536-43b8e3cb-5feb\" data-vc-content=\".vc_tta-panel-body\"><div class=\"vc_tta-panel-heading\"><h2 class=\"vc_tta-panel-title vc_tta-controls-icon-position-left\"><a href=\"#1759940024536-43b8e3cb-5feb\" data-vc-accordion data-vc-container=\".vc_tta-container\"><span class=\"vc_tta-title-text\">Soil Trials<\/span><i class=\"vc_tta-controls-icon vc_tta-controls-icon-triangle\"><\/i><\/a><\/h2><\/div><div class=\"vc_tta-panel-body\">\n\t<div class=\"wpb_text_column wpb_content_element\">\n\t\t<div class=\"wpb_wrapper\">\n\t\t\t<ul>\n<li>GRANULOMETRY<\/li>\n<li>PLASTICITY INDEX<\/li>\n<li>COMPACTING<\/li>\n<li>CEMENT SOIL<\/li>\n<li>COMPRESSION<\/li>\n<li>DRY BARIDITY DETERMINATION<\/li>\n<li>CBR<\/li>\n<li>PROCTOR<\/li>\n<li>SAND BOTTLE EQUIVALENT<\/li>\n<li>EXPANSIBILITY TRIAL<\/li>\n<\/ul>\n\n\t\t<\/div>\n\t<\/div>\n<\/div><\/div><div class=\"vc_tta-panel\" id=\"1759940141501-6f5d2744-8275\" data-vc-content=\".vc_tta-panel-body\"><div class=\"vc_tta-panel-heading\"><h2 class=\"vc_tta-panel-title vc_tta-controls-icon-position-left\"><a href=\"#1759940141501-6f5d2744-8275\" data-vc-accordion data-vc-container=\".vc_tta-container\"><span class=\"vc_tta-title-text\">Bituminous Trials<\/span><i class=\"vc_tta-controls-icon vc_tta-controls-icon-triangle\"><\/i><\/a><\/h2><\/div><div class=\"vc_tta-panel-body\">\n\t<div class=\"wpb_text_column wpb_content_element\">\n\t\t<div class=\"wpb_wrapper\">\n\t\t\t<ul>\n<li>DUCTILITY TESTING<\/li>\n<li>DETERMINATION OF SOFTENING POINT BY THE RING AND BALL METHOD<\/li>\n<li>DETERMINATION OF DENSITY WITH THE PICNOMETER<\/li>\n<li>DETERMINATION OF FLASH POINT AND COMBUSTION POINT IN AN OPEN CUP<\/li>\n<li>DETERMINATION OF SOLUBILITY IN CARBON SULPHIDE<\/li>\n<li>DETERMINATION OF APPARENT DENSITY<\/li>\n<li>DETERMINATION OF BITUMEN CONTENT AND WATER CONTENT USING THE KUMAGAWA EXTRACTOR<\/li>\n<\/ul>\n\n\t\t<\/div>\n\t<\/div>\n<\/div><\/div><\/div><\/div><\/div><\/div><\/div><\/div><\/div><\/div>\n<\/div>","protected":false},"excerpt":{"rendered":"LABORAT\u00d3RIO A PCBET.LAB \u00e9 um laborat\u00f3rio t\u00e9cnico sediado em Angola, especializado em ensaios de bet\u00e3o, solos e misturas betuminosas. &nbsp; Actuamos com rigor cient\u00edfico e compromisso com a qualidade, apoiando construtoras e entidades p\u00fablicas na valida\u00e7\u00e3o de materiais e processos....","protected":false},"author":1,"featured_media":0,"parent":0,"menu_order":0,"comment_status":"closed","ping_status":"closed","template":"","meta":{"footnotes":""},"class_list":["post-1052","page","type-page","status-publish","hentry"],"_links":{"self":[{"href":"https:\/\/pcbetgroup.com\/en\/wp-json\/wp\/v2\/pages\/1052","targetHints":{"allow":["GET"]}}],"collection":[{"href":"https:\/\/pcbetgroup.com\/en\/wp-json\/wp\/v2\/pages"}],"about":[{"href":"https:\/\/pcbetgroup.com\/en\/wp-json\/wp\/v2\/types\/page"}],"author":[{"embeddable":true,"href":"https:\/\/pcbetgroup.com\/en\/wp-json\/wp\/v2\/users\/1"}],"replies":[{"embeddable":true,"href":"https:\/\/pcbetgroup.com\/en\/wp-json\/wp\/v2\/comments?post=1052"}],"version-history":[{"count":24,"href":"https:\/\/pcbetgroup.com\/en\/wp-json\/wp\/v2\/pages\/1052\/revisions"}],"predecessor-version":[{"id":1144,"href":"https:\/\/pcbetgroup.com\/en\/wp-json\/wp\/v2\/pages\/1052\/revisions\/1144"}],"wp:attachment":[{"href":"https:\/\/pcbetgroup.com\/en\/wp-json\/wp\/v2\/media?parent=1052"}],"curies":[{"name":"wp","href":"https:\/\/api.w.org\/{rel}","templated":true}]}}