{"id":1104,"date":"2025-10-30T14:41:52","date_gmt":"2025-10-30T14:41:52","guid":{"rendered":"https:\/\/pcbetgroup.com\/?page_id=1104"},"modified":"2025-11-27T17:37:57","modified_gmt":"2025-11-27T17:37:57","slug":"consultoria","status":"publish","type":"page","link":"https:\/\/pcbetgroup.com\/en\/consultoria\/","title":{"rendered":"Consultancy"},"content":{"rendered":"<div class=\"wpb-content-wrapper\"><div class=\"vc_row wpb_row vc_row-fluid\"><div class=\"wpb_column vc_column_container vc_col-sm-12\"><div class=\"vc_column-inner\"><div class=\"wpb_wrapper\">\n\t\t\t\t<p class=\"rs-p-wp-fix\"><\/p>\n\t\t\t\t<sr7-module data-alias=\"slider-2-12\" data-id=\"4\" id=\"SR7_4_1\" class=\"rs-ov-hidden\" data-version=\"6.7.31\">\n\t\t\t\t\t<sr7-adjuster><\/sr7-adjuster>\n\t\t\t\t\t<sr7-content>\n\t\t\t\t\t\t<sr7-slide id=\"SR7_4_1-11\" data-key=\"11\">\n\t\t\t\t\t\t\t<sr7-bg id=\"SR7_4_1-11-7\" class=\"sr7-layer\"><noscript><img decoding=\"async\" src=\"https:\/\/pcbetgroup.com\/wp-content\/uploads\/2025\/09\/engineer-constuction-interior-team-dissussing-office-angineer-working-drawing-scaled.jpg\" alt=\"\" title=\"Engineer constuction and interior team dissussing in the office.\"><\/noscript><\/sr7-bg>\n\t\t\t\t\t\t\t<sr7-txt id=\"SR7_4_1-11-6\" class=\"sr7-layer\">CONSULTANCY<\/sr7-txt>\n\t\t\t\t\t\t<\/sr7-slide>\n\t\t\t\t\t\t<sr7-slide id=\"SR7_4_1-12\" data-key=\"12\">\n\t\t\t\t\t\t<\/sr7-slide>\n\t\t\t\t\t<\/sr7-content>\n\t\t\t\t\t<image_lists style=\"display:none\">\n\t\t\t\t\t\t<img data-src=\"\/\/pcbetgroup.com\/wp-content\/uploads\/2025\/09\/engineer-constuction-interior-team-dissussing-office-angineer-working-drawing-scaled.jpg\" data-libid=\"983\" data-lib=\"medialibrary\" title=\"Engineer constuction and interior team dissussing in the office.\" width=\"0\" height=\"0\" data-dbsrc=\"Ly9wY2JldGdyb3VwLmNvbS93cC1jb250ZW50L3VwbG9hZHMvMjAyNS8wOS9lbmdpbmVlci1jb25zdHVjdGlvbi1pbnRlcmlvci10ZWFtLWRpc3N1c3Npbmctb2ZmaWNlLWFuZ2luZWVyLXdvcmtpbmctZHJhd2luZy1zY2FsZWQuanBn\"\/>\n\t\t\t\t\t<\/image_lists>\n\t\t\t\t<\/sr7-module>\n\t\t\t\t<script>\n\t\t\t\t\tSR7.PMH ??={}; SR7.PMH[\"SR7_4_1\"] = {cn:100,state:false,fn: function() { if (_tpt!==undefined && _tpt.prepareModuleHeight !== undefined) {  _tpt.prepareModuleHeight({id:\"SR7_4_1\",el:[550,550,550,400,500],type:'standard',shdw:'0',gh:[550,550,550,400,500],gw:[1140,1140,1140,778,480],vpt:['-100px&#039;,&#039;-100px&#039;,&#039;-100px&#039;,&#039;-100px&#039;,&#039;-100px'],size:{fullWidth:true, fullHeight:false},mh:'0',onh:0,onw:0,bg:{color:'{\"orig\":\"transparent\",\"type\":\"solid\",\"string\":\"transparent\"}'},plType:'0',plColor:'#FFFFFF'});   SR7.PMH[\"SR7_4_1\"].state=true;} else if(SR7.PMH[\"SR7_4_1\"].cn-->0)\tsetTimeout( SR7.PMH[\"SR7_4_1\"].fn,19);}};SR7.PMH[\"SR7_4_1\" ].fn();\n\t\t\t\t<\/script>\n<\/div><\/div><\/div><\/div><div class=\"vc_row wpb_row vc_row-fluid vc_custom_1760014027502\"><div class=\"wpb_column vc_column_container vc_col-sm-12\"><div class=\"vc_column-inner\"><div class=\"wpb_wrapper\">\n\t<div  class=\"wpb_single_image wpb_content_element vc_align_center wpb_content_element vc_custom_1761835806257\">\n\t\t\n\t\t<figure class=\"wpb_wrapper vc_figure\">\n\t\t\t<div class=\"vc_single_image-wrapper   vc_box_border_grey\"><img decoding=\"async\" class=\"vc_single_image-img\" src=\"https:\/\/pcbetgroup.com\/wp-content\/uploads\/2025\/09\/Untitled-design-7-250x120.png\" width=\"250\" height=\"120\" alt=\"Untitled design (7)\" title=\"Untitled design (7)\" loading=\"lazy\" \/><\/div>\n\t\t<\/figure>\n\t<\/div>\n<\/div><\/div><\/div><\/div><div class=\"vc_row wpb_row vc_row-fluid\"><div class=\"wpb_column vc_column_container vc_col-sm-12\"><div class=\"vc_column-inner\"><div class=\"wpb_wrapper\">\n\t<div class=\"wpb_text_column wpb_content_element vc_custom_1761842181344\" >\n\t\t<div class=\"wpb_wrapper\">\n\t\t\t<h4 style=\"text-align: center; font-size: 16pt;\">PCBET.TECH is a consulting company based in Portugal<\/h4>\n<h4 style=\"text-align: center; font-size: 16pt;\">with a focus on the Angolan market, belonging to the PCBET Group.<\/h4>\n<p>&nbsp;<\/p>\n<p style=\"text-align: center; font-size: 13pt;\">Our mission is to help our customers produce more efficient and sustainable concrete. We aim to be a national and international benchmark in technical consulting for the concrete industry.<\/p>\n<p style=\"text-align: center; font-size: 13pt;\">We operate with technical rigour, sustainable innovation, commitment to quality and customer proximity.<\/p>\n<p style=\"text-align: center; font-size: 13pt;\">Our partnership with the Portuguese company PCBET Group enables us to apply European methodologies adapted to the African context.<\/p>\n\n\t\t<\/div>\n\t<\/div>\n<\/div><\/div><\/div><\/div><div class=\"vc_row wpb_row vc_row-fluid vc_custom_1760014781034\"><div class=\"wpb_column vc_column_container vc_col-sm-12\"><div class=\"vc_column-inner\"><div class=\"wpb_wrapper\"><div class=\"vc_row wpb_row vc_inner vc_row-fluid\"><div class=\"wpb_column vc_column_container vc_col-sm-6\"><div class=\"vc_column-inner\"><div class=\"wpb_wrapper\">\n\t<div  class=\"wpb_single_image wpb_content_element vc_align_left wpb_content_element\">\n\t\t\n\t\t<figure class=\"wpb_wrapper vc_figure\">\n\t\t\t<div class=\"vc_single_image-wrapper vc_box_rounded  vc_box_border_grey\"><img decoding=\"async\" class=\"vc_single_image-img\" src=\"https:\/\/pcbetgroup.com\/wp-content\/uploads\/2025\/10\/data-analyst-working-business-analytics-dashboard-with-charts-with-kpi-metrics-connected-database-technology-finance-operations-sales-marketing-1-scaled-600x500.jpg\" width=\"600\" height=\"500\" alt=\"Data analyst working on business analytics dashboard with charts, with KPI and metrics connected to the database for technology finance, operations, sales, marketing\" title=\"data-analyst-working-business-analytics-dashboard-with-charts-with-kpi-metrics-connected-database-technology-finance-operations-sales-marketing (1)\" loading=\"lazy\" \/><\/div>\n\t\t<\/figure>\n\t<\/div>\n<\/div><\/div><\/div><div class=\"wpb_column vc_column_container vc_col-sm-6\"><div class=\"vc_column-inner\"><div class=\"wpb_wrapper\">\n\t<div  class=\"wpb_single_image wpb_content_element vc_align_center wpb_content_element\">\n\t\t\n\t\t<figure class=\"wpb_wrapper vc_figure\">\n\t\t\t<div class=\"vc_single_image-wrapper   vc_box_border_grey\"><img decoding=\"async\" class=\"vc_single_image-img\" src=\"https:\/\/pcbetgroup.com\/wp-content\/uploads\/2026\/01\/PCBetGroup_list_01.jpg\" width=\"400\" height=\"500\" alt=\"Your paragraph text (1)\" title=\"Your paragraph text (1)\" loading=\"lazy\" \/><\/div>\n\t\t<\/figure>\n\t<\/div>\n<\/div><\/div><\/div><\/div><\/div><\/div><\/div><\/div><div class=\"vc_row wpb_row vc_row-fluid vc_custom_1760012991818\"><div class=\"wpb_column vc_column_container vc_col-sm-12\"><div class=\"vc_column-inner\"><div class=\"wpb_wrapper\"><h1 class='heading-middle  style-1' ><span>OBJECTIVES<\/span><\/h1><\/div><\/div><\/div><\/div><div class=\"vc_row wpb_row vc_row-fluid vc_custom_1760012974558\"><div class=\"wpb_column vc_column_container vc_col-sm-1\/5\"><div class=\"vc_column-inner\"><div class=\"wpb_wrapper\"><div class=\"icon-m icon-m--style-1\"><div class=\"icon-m__header\"><div class=\"icon-m__media icon-m__media--image\" style=\"background-color:#FF9D02;\"><img loading=\"lazy\" decoding=\"async\" width=\"1000\" height=\"1000\" src=\"https:\/\/pcbetgroup.com\/wp-content\/uploads\/2025\/09\/4-3.png\" class=\"attachment-full size-full\" alt=\"\" srcset=\"https:\/\/pcbetgroup.com\/wp-content\/uploads\/2025\/09\/4-3.png 1000w, https:\/\/pcbetgroup.com\/wp-content\/uploads\/2025\/09\/4-3-300x300.png 300w, https:\/\/pcbetgroup.com\/wp-content\/uploads\/2025\/09\/4-3-150x150.png 150w, https:\/\/pcbetgroup.com\/wp-content\/uploads\/2025\/09\/4-3-768x768.png 768w, https:\/\/pcbetgroup.com\/wp-content\/uploads\/2025\/09\/4-3-360x360.png 360w, https:\/\/pcbetgroup.com\/wp-content\/uploads\/2025\/09\/4-3-600x600.png 600w, https:\/\/pcbetgroup.com\/wp-content\/uploads\/2025\/09\/4-3-100x100.png 100w\" sizes=\"auto, (max-width: 1000px) 100vw, 1000px\" \/><\/div><div class=\"icon-m__title\">DURABILITY<\/div><\/div><div class=\"icon-m__text\">Greater strength and durability of concrete<\/div><\/div><\/div><\/div><\/div><div class=\"wpb_column vc_column_container vc_col-sm-1\/5\"><div class=\"vc_column-inner\"><div class=\"wpb_wrapper\"><div class=\"icon-m icon-m--style-1\"><div class=\"icon-m__header\"><div class=\"icon-m__media icon-m__media--image\" style=\"background-color:#FF9900;\"><img loading=\"lazy\" decoding=\"async\" width=\"1000\" height=\"1000\" src=\"https:\/\/pcbetgroup.com\/wp-content\/uploads\/2025\/09\/2-3.png\" class=\"attachment-full size-full\" alt=\"\" srcset=\"https:\/\/pcbetgroup.com\/wp-content\/uploads\/2025\/09\/2-3.png 1000w, https:\/\/pcbetgroup.com\/wp-content\/uploads\/2025\/09\/2-3-300x300.png 300w, https:\/\/pcbetgroup.com\/wp-content\/uploads\/2025\/09\/2-3-150x150.png 150w, https:\/\/pcbetgroup.com\/wp-content\/uploads\/2025\/09\/2-3-768x768.png 768w, https:\/\/pcbetgroup.com\/wp-content\/uploads\/2025\/09\/2-3-360x360.png 360w, https:\/\/pcbetgroup.com\/wp-content\/uploads\/2025\/09\/2-3-600x600.png 600w, https:\/\/pcbetgroup.com\/wp-content\/uploads\/2025\/09\/2-3-100x100.png 100w\" sizes=\"auto, (max-width: 1000px) 100vw, 1000px\" \/><\/div><div class=\"icon-m__title\">SUSTAINABILITY<\/div><\/div><div class=\"icon-m__text\">Reduction of waste and operating costs<\/div><\/div><\/div><\/div><\/div><div class=\"wpb_column vc_column_container vc_col-sm-1\/5\"><div class=\"vc_column-inner\"><div class=\"wpb_wrapper\"><div class=\"icon-m icon-m--style-1\"><div class=\"icon-m__header\"><div class=\"icon-m__media icon-m__media--image\" style=\"background-color:#FF9900;\"><img loading=\"lazy\" decoding=\"async\" width=\"1000\" height=\"1000\" src=\"https:\/\/pcbetgroup.com\/wp-content\/uploads\/2025\/09\/6-3.png\" class=\"attachment-full size-full\" alt=\"\" srcset=\"https:\/\/pcbetgroup.com\/wp-content\/uploads\/2025\/09\/6-3.png 1000w, https:\/\/pcbetgroup.com\/wp-content\/uploads\/2025\/09\/6-3-300x300.png 300w, https:\/\/pcbetgroup.com\/wp-content\/uploads\/2025\/09\/6-3-150x150.png 150w, https:\/\/pcbetgroup.com\/wp-content\/uploads\/2025\/09\/6-3-768x768.png 768w, https:\/\/pcbetgroup.com\/wp-content\/uploads\/2025\/09\/6-3-360x360.png 360w, https:\/\/pcbetgroup.com\/wp-content\/uploads\/2025\/09\/6-3-600x600.png 600w, https:\/\/pcbetgroup.com\/wp-content\/uploads\/2025\/09\/6-3-100x100.png 100w\" sizes=\"auto, (max-width: 1000px) 100vw, 1000px\" \/><\/div><div class=\"icon-m__title\">PROFITABILITY<\/div><\/div><div class=\"icon-m__text\">Increased production profitability<\/div><\/div><\/div><\/div><\/div><div class=\"wpb_column vc_column_container vc_col-sm-1\/5\"><div class=\"vc_column-inner\"><div class=\"wpb_wrapper\"><div class=\"icon-m icon-m--style-1\"><div class=\"icon-m__header\"><div class=\"icon-m__media icon-m__media--image\" style=\"background-color:#FF9900;\"><img loading=\"lazy\" decoding=\"async\" width=\"1000\" height=\"1000\" src=\"https:\/\/pcbetgroup.com\/wp-content\/uploads\/2025\/09\/3-3.png\" class=\"attachment-full size-full\" alt=\"\" srcset=\"https:\/\/pcbetgroup.com\/wp-content\/uploads\/2025\/09\/3-3.png 1000w, https:\/\/pcbetgroup.com\/wp-content\/uploads\/2025\/09\/3-3-300x300.png 300w, https:\/\/pcbetgroup.com\/wp-content\/uploads\/2025\/09\/3-3-150x150.png 150w, https:\/\/pcbetgroup.com\/wp-content\/uploads\/2025\/09\/3-3-768x768.png 768w, https:\/\/pcbetgroup.com\/wp-content\/uploads\/2025\/09\/3-3-360x360.png 360w, https:\/\/pcbetgroup.com\/wp-content\/uploads\/2025\/09\/3-3-600x600.png 600w, https:\/\/pcbetgroup.com\/wp-content\/uploads\/2025\/09\/3-3-100x100.png 100w\" sizes=\"auto, (max-width: 1000px) 100vw, 1000px\" \/><\/div><div class=\"icon-m__title\">SUPPORT<\/div><\/div><div class=\"icon-m__text\">Ongoing, personalised technical support and preparation for audits and certifications<\/div><\/div><\/div><\/div><\/div><div class=\"wpb_column vc_column_container vc_col-sm-1\/5\"><div class=\"vc_column-inner\"><div class=\"wpb_wrapper\"><div class=\"icon-m icon-m--style-1\"><div class=\"icon-m__header\"><div class=\"icon-m__media icon-m__media--image\" style=\"background-color:#FF9900;\"><img loading=\"lazy\" decoding=\"async\" width=\"1000\" height=\"1000\" src=\"https:\/\/pcbetgroup.com\/wp-content\/uploads\/2025\/09\/6-3.png\" class=\"attachment-full size-full\" alt=\"\" srcset=\"https:\/\/pcbetgroup.com\/wp-content\/uploads\/2025\/09\/6-3.png 1000w, https:\/\/pcbetgroup.com\/wp-content\/uploads\/2025\/09\/6-3-300x300.png 300w, https:\/\/pcbetgroup.com\/wp-content\/uploads\/2025\/09\/6-3-150x150.png 150w, https:\/\/pcbetgroup.com\/wp-content\/uploads\/2025\/09\/6-3-768x768.png 768w, https:\/\/pcbetgroup.com\/wp-content\/uploads\/2025\/09\/6-3-360x360.png 360w, https:\/\/pcbetgroup.com\/wp-content\/uploads\/2025\/09\/6-3-600x600.png 600w, https:\/\/pcbetgroup.com\/wp-content\/uploads\/2025\/09\/6-3-100x100.png 100w\" sizes=\"auto, (max-width: 1000px) 100vw, 1000px\" \/><\/div><div class=\"icon-m__title\">FEEDBACK<\/div><\/div><div class=\"icon-m__text\">Follow-up and final reports, with all the details and photographs of each job<\/div><\/div><\/div><\/div><\/div><\/div>\n<\/div>","protected":false},"excerpt":{"rendered":"CONSULTORIA A PCBET.TECH, \u00e9 uma empresa de Consultoria sediada em Portugal com o foco no Mercado de Angola, pertencente ao PCBET Group. &nbsp; A nossa miss\u00e3o \u00e9 ajudar os nossos clientes a produzir bet\u00f5es mais eficientes e sustent\u00e1veis. Pretendemos ser...","protected":false},"author":1,"featured_media":0,"parent":0,"menu_order":0,"comment_status":"closed","ping_status":"closed","template":"","meta":{"footnotes":""},"class_list":["post-1104","page","type-page","status-publish","hentry"],"_links":{"self":[{"href":"https:\/\/pcbetgroup.com\/en\/wp-json\/wp\/v2\/pages\/1104","targetHints":{"allow":["GET"]}}],"collection":[{"href":"https:\/\/pcbetgroup.com\/en\/wp-json\/wp\/v2\/pages"}],"about":[{"href":"https:\/\/pcbetgroup.com\/en\/wp-json\/wp\/v2\/types\/page"}],"author":[{"embeddable":true,"href":"https:\/\/pcbetgroup.com\/en\/wp-json\/wp\/v2\/users\/1"}],"replies":[{"embeddable":true,"href":"https:\/\/pcbetgroup.com\/en\/wp-json\/wp\/v2\/comments?post=1104"}],"version-history":[{"count":17,"href":"https:\/\/pcbetgroup.com\/en\/wp-json\/wp\/v2\/pages\/1104\/revisions"}],"predecessor-version":[{"id":1162,"href":"https:\/\/pcbetgroup.com\/en\/wp-json\/wp\/v2\/pages\/1104\/revisions\/1162"}],"wp:attachment":[{"href":"https:\/\/pcbetgroup.com\/en\/wp-json\/wp\/v2\/media?parent=1104"}],"curies":[{"name":"wp","href":"https:\/\/api.w.org\/{rel}","templated":true}]}}