{"id":1168,"date":"2025-12-04T11:48:39","date_gmt":"2025-12-04T11:48:39","guid":{"rendered":"https:\/\/pcbetgroup.com\/?page_id=1168"},"modified":"2025-12-04T12:07:21","modified_gmt":"2025-12-04T12:07:21","slug":"politica-de-cookies","status":"publish","type":"page","link":"https:\/\/pcbetgroup.com\/en\/politica-de-cookies\/","title":{"rendered":"Cookie Policy"},"content":{"rendered":"<div class=\"wpb-content-wrapper\"><div class=\"fusion-text fusion-text-1\">\n<div class=\"vc_row wpb_row vc_row-fluid\">\n<div class=\"wpb_column vc_column_container vc_col-sm-12\">\n<div class=\"vc_column-inner\">\n<div class=\"wpb_wrapper\">\n<div class=\"wpb_text_column wpb_content_element\">\n<div class=\"wpb_wrapper\">\n<div class=\"vc_row wpb_row vc_row-fluid\">\n<div class=\"wpb_column vc_column_container vc_col-sm-12\">\n<div class=\"vc_column-inner\">\n<div class=\"wpb_wrapper\">\n<div class=\"wpb_text_column wpb_content_element\">\n<div class=\"wpb_wrapper\">\n<div class=\"nd_options_container nd_options_padding_0_15 nd_options_box_sizing_border_box nd_options_clearfix\">\n<div id=\"post-2112\" class=\"post-2112 page type-page status-publish hentry\">\n<div class=\"vc_row wpb_row vc_row-fluid\">\n<div class=\"wpb_column vc_column_container vc_col-sm-12\">\n<div class=\"vc_column-inner\">\n<div class=\"wpb_wrapper\">\n<div class=\"wpb_text_column wpb_content_element\">\n<div class=\"wpb_wrapper\">\n<div class=\"post-entry post-entry-type-page post-entry-1059\">\n<div class=\"entry-content-wrapper clearfix\">\n<div class=\"flex_column av_one_full flex_column_div av-zero-column-padding first avia-builder-el-0 avia-builder-el-no-sibling\">\n<div class=\"av-special-heading av-special-heading-h1 blockquote modern-quote modern-centered avia-builder-el-1 el_before_av_hr avia-builder-el-first\">\n<h1 class=\"av-special-heading-tag fusion-responsive-typography-calculated\" style=\"text-align: center;\" data-fontsize=\"34\" data-lineheight=\"47.6px\">Cookie Policy<\/h1>\n<div class=\"av-subheading av-subheading_below\">\n<p style=\"text-align: center;\">Details regarding how we use cookies to improve your experience.<\/p>\n<\/div>\n<\/div>\n<div class=\"hr hr-default avia-builder-el-2 el_after_av_heading el_before_av_textblock\"><\/div>\n<section class=\"av_textblock_section\">\n<div class=\"avia_textblock\">\n<ul>\n<li>\n<h5 class=\"fusion-responsive-typography-calculated\" data-fontsize=\"16\" data-lineheight=\"22.4px\">PCBET Group: Cookie Policy<\/h5>\n<h5 class=\"fusion-responsive-typography-calculated\" data-fontsize=\"16\" data-lineheight=\"22.4px\"><\/h5>\n<p>PCBET Group and its affiliates respect your privacy and we aim to keep you informed about how we gather and use your information. This Cookies Notice sets out what you need to know about the cookies and similar technologies that we use and why we use them. You should also read our <a href=\"https:\/\/pcbetgroup.com\/en\/aviso-de-privacidade\/\">Privacy Notice<\/a> to find out what we do with the information we gather from this website.<\/p>\n<p>Any changes to this Notice will be posted here. We reserve the right to vary this Notice from time to time and such changes are effective as soon as they are posted. Your continued use of the website constitutes your agreement to all such changes.<\/p>\n<p>If you do not accept the use of these cookies, please do not continue to use the website.<\/li>\n<\/ul>\n<\/div>\n<\/section>\n<\/div>\n<\/div>\n<\/div>\n<div class=\"post-entry post-entry-type-page post-entry-1059\">\n<div class=\"entry-content-wrapper clearfix\">\n<div class=\"flex_column av_one_full flex_column_div av-zero-column-padding first avia-builder-el-0 avia-builder-el-no-sibling\">\n<section class=\"av_textblock_section\">\n<div class=\"avia_textblock\">\n<ul>\n<li>\n<h5 class=\"fusion-responsive-typography-calculated\" data-fontsize=\"16\" data-lineheight=\"22.4px\">About Cookies<\/h5>\n<h5 class=\"fusion-responsive-typography-calculated\" data-fontsize=\"16\" data-lineheight=\"22.4px\"><\/h5>\n<p>Like many companies, we use \u201ccookies\u201d on this website. Cookies are text files containing small amounts of information that may be placed on your browser when you visit certain websites. PCBET Group uses cookies to improve your experience of our website. We only use cookies to provide the specific services you request, to remember your preferences and to improve and update our website. For example, we use cookies to remember your preferences and to allow you to navigate more efficiently between our pages. We also use cookies to measure activity on the website and determine which areas and features of the website are the most popular ones.<\/p>\n<p>Websites use various types of cookies to fulfill many functions. Depending on the function they need to achieve, cookies may be temporary; staying on your device only for the duration of your browsing session (<strong>session cookies<\/strong>) or permanently placed on your device memory (<strong>persistent cookies<\/strong>) to remember your preferences. Cookies may be placed by the operators of the website you are visiting or by other operators setting cookies through that website (<strong>third party cookies<\/strong>). As such, any cookie we use will fit into one of the following categories:<\/li>\n<\/ul>\n<\/div>\n<\/section>\n<\/div>\n<\/div>\n<\/div>\n<div class=\"post-entry post-entry-type-page post-entry-1059\">\n<div class=\"entry-content-wrapper clearfix\">\n<div class=\"flex_column av_one_full flex_column_div av-zero-column-padding first avia-builder-el-0 avia-builder-el-no-sibling\">\n<section class=\"av_textblock_section\">\n<div class=\"avia_textblock\">\n<ul>\n<li>\n<h5 class=\"fusion-responsive-typography-calculated\" data-fontsize=\"16\" data-lineheight=\"22.4px\">Strictly Necessary Cookies<\/h5>\n<h5 class=\"fusion-responsive-typography-calculated\" data-fontsize=\"16\" data-lineheight=\"22.4px\"><\/h5>\n<p>These cookies are essential in order to allow you to move around the website safely and use all its features. For example, without these cookies you would not be able to access secure areas of the website. PCBET Group uses these cookies to enable the services on our website that you have specifically requested. Generally, these cookies will only stay on your browser for the length of your browsing session and once you close your browser, the cookies will be deleted. This category of cookies should not be disabled. If you use your browser settings to block these strictly necessary cookies, we cannot guarantee your security or predict how our website will perform during your visit.<\/p>\n<p>Examples: lastThemeSourceId; Browser_id}; JSESSIONID; etc.<\/li>\n<\/ul>\n<\/div>\n<\/section>\n<\/div>\n<\/div>\n<\/div>\n<div class=\"post-entry post-entry-type-page post-entry-1059\">\n<div class=\"entry-content-wrapper clearfix\">\n<div class=\"flex_column av_one_full flex_column_div av-zero-column-padding first avia-builder-el-0 avia-builder-el-no-sibling\">\n<section class=\"av_textblock_section\">\n<div class=\"avia_textblock\">\n<ul>\n<li>\n<h5 class=\"fusion-responsive-typography-calculated\" data-fontsize=\"16\" data-lineheight=\"22.4px\">Performance Cookies<\/h5>\n<h5 class=\"fusion-responsive-typography-calculated\" data-fontsize=\"16\" data-lineheight=\"22.4px\"><\/h5>\n<p>These cookies collect general information about how our website is used in order to generate usage reports that allow us to improve the user experience and the quality of our site and service. Such analysis is conducted by other operators so these are considered as third party cookies. In particular, we use Google Analytics to measure the effectiveness of our advertising and determine how visitors use this website. They collect aggregated user location and IP address information. These cookies will often be placed permanently on your browser\u2019s memory, unless you choose to delete them.<\/p>\n<p>Examples: _utmb; _utmc; _utma; _utmz; etc.<\/li>\n<\/ul>\n<\/div>\n<\/section>\n<\/div>\n<\/div>\n<\/div>\n<div class=\"post-entry post-entry-type-page post-entry-1059\">\n<div class=\"entry-content-wrapper clearfix\">\n<div class=\"flex_column av_one_full flex_column_div av-zero-column-padding first avia-builder-el-0 avia-builder-el-no-sibling\">\n<section class=\"av_textblock_section\">\n<div class=\"avia_textblock\">\n<ul>\n<li>\n<h5 class=\"fusion-responsive-typography-calculated\" data-fontsize=\"16\" data-lineheight=\"22.4px\">Functionality Cookies<\/h5>\n<h5 class=\"fusion-responsive-typography-calculated\" data-fontsize=\"16\" data-lineheight=\"22.4px\"><\/h5>\n<p>These cookies allow us to offer you a customized browsing experience. They capture information such as the pages you have browsed or you have viewed so that we can provide you with a great experience. Functionality cookies allow websites to remember visitor choices and preferences. This means that a website can automatically set user selections like language, location, text size and provide functions that a visitor requests such as watching videos and posting comments. The information gathered by functionality cookies may be anonymized and will not be linked to information about how visitors use other websites.<\/p>\n<p>Examples: Rvdata; Mbox; __g_u; __g_c ASP.NET_SessionId; _data; etc.<\/li>\n<\/ul>\n<\/div>\n<\/section>\n<\/div>\n<\/div>\n<\/div>\n<div class=\"post-entry post-entry-type-page post-entry-1059\">\n<div class=\"entry-content-wrapper clearfix\">\n<div class=\"flex_column av_one_full flex_column_div av-zero-column-padding first avia-builder-el-0 avia-builder-el-no-sibling\">\n<section class=\"av_textblock_section\">\n<div class=\"avia_textblock\">\n<ul>\n<li>\n<h5 class=\"fusion-responsive-typography-calculated\" data-fontsize=\"16\" data-lineheight=\"22.4px\">Advertising Cookies and Third-party Advertising Cookies<\/h5>\n<h5 class=\"fusion-responsive-typography-calculated\" data-fontsize=\"16\" data-lineheight=\"22.4px\"><\/h5>\n<p>The display advertising you may see on our website is served by a third party contracted by us. The advertising may be generic to the website or may be tailored to deliver advertising you might be interested in, based on advertising cookies. Such cookies may hold information about other websites visited by your browser and device, but not personal information about you.<\/p>\n<p>You may see certain ads on other websites because we participate in advertising networks. Ad networks allow us to target our messaging to users through demographic, interest-based and contextual means. These networks track your online activities over time by collecting information through automated means, including through the use of cookies, web server logs and web beacons. The networks use this information to show you advertisements that may be tailored to your individual interests. The information our ad networks may collect includes information about your visits to websites that participate in the relevant advertising networks, such as the pages or advertisements you view and the actions you take on the websites. This data collection takes place both on our Site and on third-party websites that participate in the ad networks. This process also helps us track the effectiveness of our marketing efforts.<\/li>\n<\/ul>\n<\/div>\n<\/section>\n<\/div>\n<\/div>\n<\/div>\n<div class=\"post-entry post-entry-type-page post-entry-1059\">\n<div class=\"entry-content-wrapper clearfix\">\n<div class=\"flex_column av_one_full flex_column_div av-zero-column-padding first avia-builder-el-0 avia-builder-el-no-sibling\">\n<section class=\"av_textblock_section\">\n<div class=\"avia_textblock\">\n<ul>\n<li>\n<h5 class=\"fusion-responsive-typography-calculated\" data-fontsize=\"16\" data-lineheight=\"22.4px\">How to manage cookies through your browser settings<\/h5>\n<h5 class=\"fusion-responsive-typography-calculated\" data-fontsize=\"16\" data-lineheight=\"22.4px\"><\/h5>\n<p>You can manage cookies through your web browser settings and\/or by contacting the third parties below. If you continue to use our website without changing your settings, then you consent to our placing the categories of cookies we have listed above on your browser. If you decide to change your settings and disable cookies, you may not be able to take full advantage of all our website features. For example, if you turn off strictly necessary cookies or refuse them, you will not be able to use the full functionalities of the website.<\/p>\n<p>The following external links will explain you how to manage cookies for the most common browsers:<\/p>\n<p><a href=\"http:\/\/windows.microsoft.com\/en-gb\/internet-explorer\/delete-manage-cookies#ie=ie-11\">Cookie Settings in Internet Explorer<\/a><\/p>\n<p><a href=\"https:\/\/support.google.com\/accounts\/answer\/61416?hl=en\">Cookie Settings in Google Chrome<\/a><\/p>\n<p><a href=\"https:\/\/support.mozilla.org\/en-US\/kb\/enable-and-disable-cookies-website-preferences?redirectlocale=en-US&amp;redirectslug=Enabling+and+disabling+cookies\">Cookie Settings in Firefox<\/a><\/p>\n<p><a href=\"https:\/\/support.apple.com\/en-gb\/guide\/safari\/manage-cookies-and-website-data-sfri11471\/mac\">Cookie Settings in Safari<\/a><\/p>\n<p>For more information on how to set your cookie preferences using your web browser, please see: <a href=\"http:\/\/www.allaboutcookies.org\">www.allaboutcookies.org<\/a><\/p>\n<p>If you want to opt out of our use of Google Analytics please click <a href=\"https:\/\/tools.google.com\/dlpage\/gaoptout\">here<\/a>.<\/p>\n<p>If you have any questions or comments about this Cookies Notice or about our Privacy Notice, please contact us as indicated below:<\/p>\n<p>PCBET Group<\/p>\n<p>Phone: +351 911 708 030<br \/>\nEmail: <a href=\"mailto:geral@pcbetgroup.com\">geral@pcbetgroup.com<\/a><br \/>\nWebsite: <a href=\"https:\/\/pcbetgroup.com\/en\/\">www.pcbetgroup.com<\/a><\/li>\n<\/ul>\n<\/div>\n<\/section>\n<\/div>\n<\/div>\n<\/div>\n<div class=\"post-entry post-entry-type-page post-entry-1059\">\n<div class=\"entry-content-wrapper clearfix\">\n<div class=\"flex_column av_one_full flex_column_div av-zero-column-padding first avia-builder-el-0 avia-builder-el-no-sibling\">\n<section class=\"av_textblock_section\">\n<div class=\"avia_textblock\">\n<p><em>Last Modified: 4th of December, 2025<\/em><\/p>\n<\/div>\n<\/section>\n<\/div>\n<\/div>\n<\/div>\n<\/div>\n<\/div>\n<\/div>\n<\/div>\n<\/div>\n<\/div>\n<\/div>\n<\/div>\n<\/div>\n<\/div>\n<\/div>\n<\/div>\n<\/div>\n<\/div>\n<\/div>\n<\/div>\n<\/div>\n<\/div>\n<\/div>\n<\/div>\n<\/div>\n<\/div>","protected":false},"excerpt":{"rendered":"<p>Pol\u00edtica de Cookies Detalhes sobre como utilizamos cookies para melhorar a sua experi\u00eancia. PCBET Group: Pol\u00edtica de Cookies A PCBET Group e os seus afiliados respeitam a sua privacidade e almejamos mant\u00ea-lo informado sobre como recolhemos e utilizamos a sua&#8230;<\/p>","protected":false},"author":1,"featured_media":0,"parent":0,"menu_order":0,"comment_status":"closed","ping_status":"closed","template":"","meta":{"footnotes":""},"class_list":["post-1168","page","type-page","status-publish","hentry"],"_links":{"self":[{"href":"https:\/\/pcbetgroup.com\/en\/wp-json\/wp\/v2\/pages\/1168","targetHints":{"allow":["GET"]}}],"collection":[{"href":"https:\/\/pcbetgroup.com\/en\/wp-json\/wp\/v2\/pages"}],"about":[{"href":"https:\/\/pcbetgroup.com\/en\/wp-json\/wp\/v2\/types\/page"}],"author":[{"embeddable":true,"href":"https:\/\/pcbetgroup.com\/en\/wp-json\/wp\/v2\/users\/1"}],"replies":[{"embeddable":true,"href":"https:\/\/pcbetgroup.com\/en\/wp-json\/wp\/v2\/comments?post=1168"}],"version-history":[{"count":2,"href":"https:\/\/pcbetgroup.com\/en\/wp-json\/wp\/v2\/pages\/1168\/revisions"}],"predecessor-version":[{"id":1171,"href":"https:\/\/pcbetgroup.com\/en\/wp-json\/wp\/v2\/pages\/1168\/revisions\/1171"}],"wp:attachment":[{"href":"https:\/\/pcbetgroup.com\/en\/wp-json\/wp\/v2\/media?parent=1168"}],"curies":[{"name":"wp","href":"https:\/\/api.w.org\/{rel}","templated":true}]}}