{"id":946,"date":"2014-11-11T11:09:47","date_gmt":"2014-11-11T11:09:47","guid":{"rendered":"http:\/\/anpsthemes.com\/constructo\/?page_id=5"},"modified":"2025-11-27T17:08:33","modified_gmt":"2025-11-27T17:08:33","slug":"home","status":"publish","type":"page","link":"https:\/\/pcbetgroup.com\/en\/","title":{"rendered":"Home"},"content":{"rendered":"<div class=\"wpb-content-wrapper\"><div class=\"vc_row wpb_row vc_row-fluid vc_custom_1496645953969\"><div class=\"wpb_column vc_column_container vc_col-sm-12\"><div class=\"vc_column-inner\"><div class=\"wpb_wrapper\"><div class=\"wpb_revslider_element wpb_content_element\">\n\t\t\t\t<p class=\"rs-p-wp-fix\"><\/p>\n\t\t\t\t<sr7-module data-alias=\"slider-2-1\" data-id=\"2\" id=\"SR7_2_1\" class=\"rs-ov-hidden\" data-version=\"6.7.31\">\n\t\t\t\t\t<sr7-adjuster><\/sr7-adjuster>\n\t\t\t\t\t<sr7-content>\n\t\t\t\t\t\t<sr7-slide id=\"SR7_2_1-5\" data-key=\"5\">\n\t\t\t\t\t\t\t<sr7-bg id=\"SR7_2_1-5-5\" class=\"sr7-layer\"><noscript><img decoding=\"async\" src=\"https:\/\/pcbetgroup.com\/wp-content\/uploads\/2025\/10\/O-grupo-PCBET-e-constituido-por-duas-empresas-ligadas-entre-si-com-o-foco-na-consultoria-especializada-e-laboratorio-para-ajudar-os-construtores-a-obterem-o-maior-rendimento-e-fiabilidade-de-beto-1.png\" alt=\"\" title=\"O grupo PCBET, \u00e9 constitu\u00eddo por duas empresas ligadas entre si com o foco na consultoria especializada e laborat\u00f3rio para ajudar os construtores a obterem o maior rendimento e fiabilidade de bet\u00f5 (1)\"><\/noscript><\/sr7-bg>\n\t\t\t\t\t\t\t<sr7-txt id=\"SR7_2_1-5-1\" class=\"sr7-layer\">PCBET GROUP<\/sr7-txt>\n\t\t\t\t\t\t\t<sr7-txt id=\"SR7_2_1-5-2\" class=\"sr7-layer\">THE NEXT STEP IN YOUR PROJECT<\/sr7-txt>\n\t\t\t\t\t\t\t<a id=\"SR7_2_1-5-3\" class=\"sr7-layer\" href=\"https:\/\/pcbetgroup.com\/en\/consultoria\/\" target=\"_self\">CONSULTANCY<\/a>\n\t\t\t\t\t\t\t<a id=\"SR7_2_1-5-4\" class=\"sr7-layer\" href=\"https:\/\/pcbetgroup.com\/en\/laboratorio\/\" target=\"_self\">LABORATORY<\/a>\n\t\t\t\t\t\t<\/sr7-slide>\n\t\t\t\t\t\t<sr7-slide id=\"SR7_2_1-6\" data-key=\"6\">\n\t\t\t\t\t\t\t<sr7-bg id=\"SR7_2_1-6-2\" class=\"sr7-layer\"><noscript><img decoding=\"async\" src=\"https:\/\/pcbetgroup.com\/wp-content\/uploads\/2025\/10\/O-grupo-PCBET-e-constituido-por-duas-empresas-ligadas-entre-si-com-o-foco-na-consultoria-especializada-e-laboratorio-para-ajudar-os-construtores-a-obterem-o-maior-rendimento-e-fiabilidade-de-beto-3.png\" alt=\"\" title=\"O grupo PCBET, \u00e9 constitu\u00eddo por duas empresas ligadas entre si com o foco na consultoria especializada e laborat\u00f3rio para ajudar os construtores a obterem o maior rendimento e fiabilidade de bet\u00f5 (3)\"><\/noscript><\/sr7-bg>\n\t\t\t\t\t\t\t<sr7-txt id=\"SR7_2_1-6-1\" class=\"sr7-layer\">CONSULTANCY AND LABORATORY<\/sr7-txt>\n\t\t\t\t\t\t<\/sr7-slide>\n\t\t\t\t\t\t<sr7-slide id=\"SR7_2_1-7\" data-key=\"7\">\n\t\t\t\t\t\t\t<sr7-bg id=\"SR7_2_1-7-6\" class=\"sr7-layer\"><noscript><img decoding=\"async\" src=\"https:\/\/pcbetgroup.com\/wp-content\/uploads\/2025\/10\/O-grupo-PCBET-e-constituido-por-duas-empresas-ligadas-entre-si-com-o-foco-na-consultoria-especializada-e-laboratorio-para-ajudar-os-construtores-a-obterem-o-maior-rendimento-e-fiabilidade-de-beto-4.png\" alt=\"\" title=\"O grupo PCBET, \u00e9 constitu\u00eddo por duas empresas ligadas entre si com o foco na consultoria especializada e laborat\u00f3rio para ajudar os construtores a obterem o maior rendimento e fiabilidade de bet\u00f5 (4)\"><\/noscript><\/sr7-bg>\n\t\t\t\t\t\t\t<sr7-txt id=\"SR7_2_1-7-1\" class=\"sr7-layer\">START YOUR<\/sr7-txt>\n\t\t\t\t\t\t\t<sr7-txt id=\"SR7_2_1-7-2\" class=\"sr7-layer\">Contact us and request a quote for your project quickly and efficiently. Your project can start today!<\/sr7-txt>\n\t\t\t\t\t\t\t<a id=\"SR7_2_1-7-3\" class=\"sr7-layer\" href=\"https:\/\/pcbetgroup.com\/en\/contact-us\/\" target=\"_self\">CONTACT US<\/a>\n\t\t\t\t\t\t\t<sr7-txt id=\"SR7_2_1-7-5\" class=\"sr7-layer\">PROJECT<\/sr7-txt>\n\t\t\t\t\t\t<\/sr7-slide>\n\t\t\t\t\t\t<sr7-slide id=\"SR7_2_1-8\" data-key=\"8\">\n\t\t\t\t\t\t<\/sr7-slide>\n\t\t\t\t\t<\/sr7-content>\n\t\t\t\t\t<image_lists style=\"display:none\">\n\t\t\t\t\t\t<img data-src=\"\/\/pcbetgroup.com\/wp-content\/uploads\/2025\/10\/O-grupo-PCBET-e-constituido-por-duas-empresas-ligadas-entre-si-com-o-foco-na-consultoria-especializada-e-laboratorio-para-ajudar-os-construtores-a-obterem-o-maior-rendimento-e-fiabilidade-de-beto-1.png\" data-libid=\"1127\" data-lib=\"medialibrary\" title=\"O grupo PCBET, \u00e9 constitu\u00eddo por duas empresas ligadas entre si com o foco na consultoria especializada e laborat\u00f3rio para ajudar os construtores a obterem o maior rendimento e fiabilidade de bet\u00f5 (1)\" width=\"0\" height=\"0\" data-dbsrc=\"Ly9wY2JldGdyb3VwLmNvbS93cC1jb250ZW50L3VwbG9hZHMvMjAyNS8xMC9PLWdydXBvLVBDQkVULWUtY29uc3RpdHVpZG8tcG9yLWR1YXMtZW1wcmVzYXMtbGlnYWRhcy1lbnRyZS1zaS1jb20tby1mb2NvLW5hLWNvbnN1bHRvcmlhLWVzcGVjaWFsaXphZGEtZS1sYWJvcmF0b3Jpby1wYXJhLWFqdWRhci1vcy1jb25zdHJ1dG9yZXMtYS1vYnRlcmVtLW8tbWFpb3ItcmVuZGltZW50by1lLWZpYWJpbGlkYWRlLWRlLWJldG8tMS5wbmc=\"\/>\n\t\t\t\t\t\t<img data-src=\"\/\/pcbetgroup.com\/wp-content\/uploads\/2025\/10\/O-grupo-PCBET-e-constituido-por-duas-empresas-ligadas-entre-si-com-o-foco-na-consultoria-especializada-e-laboratorio-para-ajudar-os-construtores-a-obterem-o-maior-rendimento-e-fiabilidade-de-beto-3.png\" data-libid=\"1129\" data-lib=\"medialibrary\" title=\"O grupo PCBET, \u00e9 constitu\u00eddo por duas empresas ligadas entre si com o foco na consultoria especializada e laborat\u00f3rio para ajudar os construtores a obterem o maior rendimento e fiabilidade de bet\u00f5 (3)\" width=\"0\" height=\"0\" data-dbsrc=\"Ly9wY2JldGdyb3VwLmNvbS93cC1jb250ZW50L3VwbG9hZHMvMjAyNS8xMC9PLWdydXBvLVBDQkVULWUtY29uc3RpdHVpZG8tcG9yLWR1YXMtZW1wcmVzYXMtbGlnYWRhcy1lbnRyZS1zaS1jb20tby1mb2NvLW5hLWNvbnN1bHRvcmlhLWVzcGVjaWFsaXphZGEtZS1sYWJvcmF0b3Jpby1wYXJhLWFqdWRhci1vcy1jb25zdHJ1dG9yZXMtYS1vYnRlcmVtLW8tbWFpb3ItcmVuZGltZW50by1lLWZpYWJpbGlkYWRlLWRlLWJldG8tMy5wbmc=\"\/>\n\t\t\t\t\t\t<img data-src=\"\/\/pcbetgroup.com\/wp-content\/uploads\/2025\/10\/O-grupo-PCBET-e-constituido-por-duas-empresas-ligadas-entre-si-com-o-foco-na-consultoria-especializada-e-laboratorio-para-ajudar-os-construtores-a-obterem-o-maior-rendimento-e-fiabilidade-de-beto-4.png\" data-libid=\"1130\" data-lib=\"medialibrary\" title=\"O grupo PCBET, \u00e9 constitu\u00eddo por duas empresas ligadas entre si com o foco na consultoria especializada e laborat\u00f3rio para ajudar os construtores a obterem o maior rendimento e fiabilidade de bet\u00f5 (4)\" width=\"0\" height=\"0\" data-dbsrc=\"Ly9wY2JldGdyb3VwLmNvbS93cC1jb250ZW50L3VwbG9hZHMvMjAyNS8xMC9PLWdydXBvLVBDQkVULWUtY29uc3RpdHVpZG8tcG9yLWR1YXMtZW1wcmVzYXMtbGlnYWRhcy1lbnRyZS1zaS1jb20tby1mb2NvLW5hLWNvbnN1bHRvcmlhLWVzcGVjaWFsaXphZGEtZS1sYWJvcmF0b3Jpby1wYXJhLWFqdWRhci1vcy1jb25zdHJ1dG9yZXMtYS1vYnRlcmVtLW8tbWFpb3ItcmVuZGltZW50by1lLWZpYWJpbGlkYWRlLWRlLWJldG8tNC5wbmc=\"\/>\n\t\t\t\t\t<\/image_lists>\n\t\t\t\t<\/sr7-module>\n\t\t\t\t<script>\n\t\t\t\t\tSR7.PMH ??={}; SR7.PMH[\"SR7_2_1\"] = {cn:100,state:false,fn: function() { if (_tpt!==undefined && _tpt.prepareModuleHeight !== undefined) {  _tpt.prepareModuleHeight({id:\"SR7_2_1\",el:[550,550,550,400,500],type:'standard',shdw:'0',gh:[550,550,550,400,500],gw:[1140,1140,1140,778,480],vpt:['-100px&#039;,&#039;-100px&#039;,&#039;-100px&#039;,&#039;-100px&#039;,&#039;-100px'],size:{fullWidth:true, fullHeight:false},mh:'0',onh:0,onw:0,bg:{color:'{\"orig\":\"transparent\",\"type\":\"solid\",\"string\":\"transparent\"}'},plType:'0',plColor:'#FFFFFF'});   SR7.PMH[\"SR7_2_1\"].state=true;} else if(SR7.PMH[\"SR7_2_1\"].cn-->0)\tsetTimeout( SR7.PMH[\"SR7_2_1\"].fn,19);}};SR7.PMH[\"SR7_2_1\" ].fn();\n\t\t\t\t<\/script>\n<\/div><\/div><\/div><\/div><\/div><div data-vc-full-width=\"true\" data-vc-full-width-init=\"false\" class=\"vc_row wpb_row vc_row-fluid text-center vc_custom_1761836914852 vc_row-has-fill vc_row-o-content-middle vc_row-flex\"><div class=\"wpb_column vc_column_container vc_col-sm-12\"><div class=\"vc_column-inner\"><div class=\"wpb_wrapper\">\n\t<div class=\"wpb_text_column wpb_content_element vc_custom_1764263209630\" >\n\t\t<div class=\"wpb_wrapper\">\n\t\t\t<p style=\"text-align: center; font-size: 16px;\">\n  The PCBET group consists of two interconnected companies focused on specialised consulting in the field of concrete, mortar, aggregates, cement, soils and bituminous materials. It is supported by its own laboratory capable of meeting all the quality control needs of construction works.<\/p>\n\n\t\t<\/div>\n\t<\/div>\n<\/div><\/div><\/div><\/div><div class=\"vc_row-full-width vc_clearfix\"><\/div><div data-vc-full-width=\"true\" data-vc-full-width-init=\"false\" class=\"vc_row wpb_row vc_row-fluid text-center vc_custom_1761836906328 vc_row-has-fill vc_row-o-content-middle vc_row-flex\"><div class=\"wpb_column vc_column_container vc_col-sm-6\"><div class=\"vc_column-inner\"><div class=\"wpb_wrapper\">\n\t<div  class=\"wpb_single_image wpb_content_element vc_align_center wpb_content_element\">\n\t\t\n\t\t<figure class=\"wpb_wrapper vc_figure\">\n\t\t\t<div class=\"vc_single_image-wrapper   vc_box_border_grey\"><img loading=\"lazy\" decoding=\"async\" width=\"300\" height=\"138\" src=\"https:\/\/pcbetgroup.com\/wp-content\/uploads\/2025\/09\/PCBETTECH-LOGO-3-300x138.png\" class=\"vc_single_image-img attachment-medium\" alt=\"\" title=\"PCBETTECH LOGO 3\" srcset=\"https:\/\/pcbetgroup.com\/wp-content\/uploads\/2025\/09\/PCBETTECH-LOGO-3-300x138.png 300w, https:\/\/pcbetgroup.com\/wp-content\/uploads\/2025\/09\/PCBETTECH-LOGO-3-1024x470.png 1024w, https:\/\/pcbetgroup.com\/wp-content\/uploads\/2025\/09\/PCBETTECH-LOGO-3-768x353.png 768w, https:\/\/pcbetgroup.com\/wp-content\/uploads\/2025\/09\/PCBETTECH-LOGO-3-1536x706.png 1536w, https:\/\/pcbetgroup.com\/wp-content\/uploads\/2025\/09\/PCBETTECH-LOGO-3-370x170.png 370w, https:\/\/pcbetgroup.com\/wp-content\/uploads\/2025\/09\/PCBETTECH-LOGO-3-1200x551.png 1200w, https:\/\/pcbetgroup.com\/wp-content\/uploads\/2025\/09\/PCBETTECH-LOGO-3-360x165.png 360w, https:\/\/pcbetgroup.com\/wp-content\/uploads\/2025\/09\/PCBETTECH-LOGO-3-600x276.png 600w, https:\/\/pcbetgroup.com\/wp-content\/uploads\/2025\/09\/PCBETTECH-LOGO-3.png 1772w\" sizes=\"auto, (max-width: 300px) 100vw, 300px\" \/><\/div>\n\t\t<\/figure>\n\t<\/div>\n<h5 class='heading-content  style-1' ><span>TECHNICAL CONSULTANCY<\/span><\/h5>\n\t<div class=\"wpb_text_column wpb_content_element\" >\n\t\t<div class=\"wpb_wrapper\">\n\t\t\t<p>PCBET is a consultancy firm based in Portugal with a focus on the Angolan market, belonging to the PCBET Group.<\/p>\n\n\t\t<\/div>\n\t<\/div>\n<div class=\"vc_btn3-container vc_btn3-center vc_custom_1761838648607 vc_do_btn\" ><a class=\"vc_general vc_btn3 vc_btn3-size-md vc_btn3-shape-rounded vc_btn3-style-modern vc_btn3-color-warning\" href=\"https:\/\/pcbetgroup.com\/en\/consultoria\/\" title=\"Consultancy\">LEARN MORE<\/a><\/div><\/div><\/div><\/div><div class=\"wpb_column vc_column_container vc_col-sm-6\"><div class=\"vc_column-inner\"><div class=\"wpb_wrapper\">\n\t<div  class=\"wpb_single_image wpb_content_element vc_align_center wpb_content_element\">\n\t\t\n\t\t<figure class=\"wpb_wrapper vc_figure\">\n\t\t\t<div class=\"vc_single_image-wrapper   vc_box_border_grey\"><img loading=\"lazy\" decoding=\"async\" width=\"300\" height=\"143\" src=\"https:\/\/pcbetgroup.com\/wp-content\/uploads\/2025\/09\/PCBETLAB-LOGO-2-300x143.png\" class=\"vc_single_image-img attachment-medium\" alt=\"\" title=\"PCBETLAB LOGO 2\" srcset=\"https:\/\/pcbetgroup.com\/wp-content\/uploads\/2025\/09\/PCBETLAB-LOGO-2-300x143.png 300w, https:\/\/pcbetgroup.com\/wp-content\/uploads\/2025\/09\/PCBETLAB-LOGO-2-1024x487.png 1024w, https:\/\/pcbetgroup.com\/wp-content\/uploads\/2025\/09\/PCBETLAB-LOGO-2-768x365.png 768w, https:\/\/pcbetgroup.com\/wp-content\/uploads\/2025\/09\/PCBETLAB-LOGO-2-1536x730.png 1536w, https:\/\/pcbetgroup.com\/wp-content\/uploads\/2025\/09\/PCBETLAB-LOGO-2-370x176.png 370w, https:\/\/pcbetgroup.com\/wp-content\/uploads\/2025\/09\/PCBETLAB-LOGO-2-1200x570.png 1200w, https:\/\/pcbetgroup.com\/wp-content\/uploads\/2025\/09\/PCBETLAB-LOGO-2-360x171.png 360w, https:\/\/pcbetgroup.com\/wp-content\/uploads\/2025\/09\/PCBETLAB-LOGO-2-600x285.png 600w, https:\/\/pcbetgroup.com\/wp-content\/uploads\/2025\/09\/PCBETLAB-LOGO-2.png 1772w\" sizes=\"auto, (max-width: 300px) 100vw, 300px\" \/><\/div>\n\t\t<\/figure>\n\t<\/div>\n<h5 class='heading-content  style-1' ><span>CIVIL CONSTRUCTION LABORATORY<\/span><\/h5>\n\t<div class=\"wpb_text_column wpb_content_element\" >\n\t\t<div class=\"wpb_wrapper\">\n\t\t\t<p>Infralab is a construction materials testing laboratory based in the municipality of Viana for the Angolan market, belonging to the PCBET Group.<\/p>\n\n\t\t<\/div>\n\t<\/div>\n<div class=\"vc_btn3-container vc_btn3-center vc_custom_1761838656868 vc_do_btn\" ><a class=\"vc_general vc_btn3 vc_btn3-size-md vc_btn3-shape-rounded vc_btn3-style-modern vc_btn3-color-primary\" href=\"https:\/\/pcbetgroup.com\/en\/laboratorio\/\" title=\"Laboratory\">LEARN MORE<\/a><\/div><\/div><\/div><\/div><\/div><div class=\"vc_row-full-width vc_clearfix\"><\/div>\n<\/div>","protected":false},"excerpt":{"rendered":"PCBET GROUP O PR\u00d3XIMO PASSO NO SEU PROJECTO CONSULTORIA LABORAT\u00d3RIO CONSULTORIA E LABORAT\u00d3RIO INICIE O SEU Contacte-nos e pe\u00e7a um or\u00e7amento para o seu projecto de forma r\u00e1pida e eficaz. O seu projecto pode come\u00e7ar hoje! CONTACTE-NOS PROJECTO O grupo...","protected":false},"author":1,"featured_media":0,"parent":0,"menu_order":0,"comment_status":"open","ping_status":"open","template":"","meta":{"footnotes":""},"class_list":["post-946","page","type-page","status-publish","hentry"],"_links":{"self":[{"href":"https:\/\/pcbetgroup.com\/en\/wp-json\/wp\/v2\/pages\/946","targetHints":{"allow":["GET"]}}],"collection":[{"href":"https:\/\/pcbetgroup.com\/en\/wp-json\/wp\/v2\/pages"}],"about":[{"href":"https:\/\/pcbetgroup.com\/en\/wp-json\/wp\/v2\/types\/page"}],"author":[{"embeddable":true,"href":"https:\/\/pcbetgroup.com\/en\/wp-json\/wp\/v2\/users\/1"}],"replies":[{"embeddable":true,"href":"https:\/\/pcbetgroup.com\/en\/wp-json\/wp\/v2\/comments?post=946"}],"version-history":[{"count":21,"href":"https:\/\/pcbetgroup.com\/en\/wp-json\/wp\/v2\/pages\/946\/revisions"}],"predecessor-version":[{"id":1157,"href":"https:\/\/pcbetgroup.com\/en\/wp-json\/wp\/v2\/pages\/946\/revisions\/1157"}],"wp:attachment":[{"href":"https:\/\/pcbetgroup.com\/en\/wp-json\/wp\/v2\/media?parent=946"}],"curies":[{"name":"wp","href":"https:\/\/api.w.org\/{rel}","templated":true}]}}